{"id":51,"date":"2024-02-17T10:08:58","date_gmt":"2024-02-17T09:08:58","guid":{"rendered":"http:\/\/2024.feeca.eu\/impressum\/"},"modified":"2024-02-20T12:10:07","modified_gmt":"2024-02-20T11:10:07","slug":"impressum","status":"publish","type":"page","link":"https:\/\/feeca.eu\/en\/impressum\/","title":{"rendered":"Impressum"},"content":{"rendered":"<div id='full_slider_1'  class='avia-fullwidth-slider main_color avia-shadow av-small-hide av-mini-hide  avia-builder-el-0  el_before_av_slideshow_full  avia-builder-el-first   container_wrap fullsize'  ><div  class='avia-slideshow av-lsu9jmyn-d90b0fbde3d1dc251fc83f810d45359b avia-slideshow-no scaling av_slideshow_full avia-slide-slider av-small-hide av-mini-hide av-slideshow-ui av-control-default av-slideshow-manual av-loop-once av-loop-manual-endless av-default-height-applied   avia-slideshow-1' data-slideshow-options=\"{&quot;animation&quot;:&quot;slide&quot;,&quot;autoplay&quot;:false,&quot;loop_autoplay&quot;:&quot;once&quot;,&quot;interval&quot;:5,&quot;loop_manual&quot;:&quot;manual-endless&quot;,&quot;autoplay_stopper&quot;:false,&quot;noNavigation&quot;:false,&quot;bg_slider&quot;:false,&quot;keep_padding&quot;:false,&quot;hoverpause&quot;:false,&quot;show_slide_delay&quot;:0}\"  itemprop=\"image\" itemscope=\"itemscope\" itemtype=\"https:\/\/schema.org\/ImageObject\" ><ul class='avia-slideshow-inner ' style='padding-bottom: 12.5%;'><li  class='avia-slideshow-slide av-lsu9jmyn-d90b0fbde3d1dc251fc83f810d45359b__0  av-single-slide slide-1 slide-odd'><div data-rel='slideshow-1' class='avia-slide-wrap '   ><img decoding=\"async\" fetchpriority=\"high\" class=\"wp-image-211 avia-img-lazy-loading-not-211\"  src=\"https:\/\/feeca.eu\/wp-content\/uploads\/2024\/02\/22255485-key-fuer-bildung2400.jpg\" width=\"2400\" height=\"300\" title='22255485-key-fu\u0308r-bildung2400' alt=''  itemprop=\"thumbnailUrl\" srcset=\"https:\/\/feeca.eu\/wp-content\/uploads\/2024\/02\/22255485-key-fuer-bildung2400.jpg 2400w, https:\/\/feeca.eu\/wp-content\/uploads\/2024\/02\/22255485-key-fuer-bildung2400-300x38.jpg 300w, https:\/\/feeca.eu\/wp-content\/uploads\/2024\/02\/22255485-key-fuer-bildung2400-1030x129.jpg 1030w, https:\/\/feeca.eu\/wp-content\/uploads\/2024\/02\/22255485-key-fuer-bildung2400-768x96.jpg 768w, https:\/\/feeca.eu\/wp-content\/uploads\/2024\/02\/22255485-key-fuer-bildung2400-1536x192.jpg 1536w, https:\/\/feeca.eu\/wp-content\/uploads\/2024\/02\/22255485-key-fuer-bildung2400-2048x256.jpg 2048w, https:\/\/feeca.eu\/wp-content\/uploads\/2024\/02\/22255485-key-fuer-bildung2400-1500x188.jpg 1500w, https:\/\/feeca.eu\/wp-content\/uploads\/2024\/02\/22255485-key-fuer-bildung2400-705x88.jpg 705w\" sizes=\"(max-width: 2400px) 100vw, 2400px\" \/><\/div><\/li><\/ul><\/div><\/div>\n<div id='full_slider_2'  class='avia-fullwidth-slider main_color avia-shadow av-desktop-hide av-medium-hide  avia-builder-el-1  el_after_av_slideshow_full  el_before_av_textblock   slider-not-first container_wrap fullsize'  ><div  class='avia-slideshow av-lsu9jw9o-4dd5cd89dd62999506cb7f66b9ec7af2 avia-slideshow-featured_large av_slideshow_full avia-slide-slider av-desktop-hide av-medium-hide av-slideshow-ui av-control-default av-slideshow-manual av-loop-once av-loop-manual-endless av-default-height-applied   avia-slideshow-2' data-slideshow-options=\"{&quot;animation&quot;:&quot;slide&quot;,&quot;autoplay&quot;:false,&quot;loop_autoplay&quot;:&quot;once&quot;,&quot;interval&quot;:5,&quot;loop_manual&quot;:&quot;manual-endless&quot;,&quot;autoplay_stopper&quot;:false,&quot;noNavigation&quot;:false,&quot;bg_slider&quot;:false,&quot;keep_padding&quot;:false,&quot;hoverpause&quot;:false,&quot;show_slide_delay&quot;:0}\"  itemprop=\"image\" itemscope=\"itemscope\" itemtype=\"https:\/\/schema.org\/ImageObject\" ><ul class='avia-slideshow-inner ' style='padding-bottom: 48.461538461538%;'><li  class='avia-slideshow-slide av-lsu9jw9o-4dd5cd89dd62999506cb7f66b9ec7af2__0  av-single-slide slide-1 slide-odd'><div data-rel='slideshow-2' class='avia-slide-wrap '   ><img decoding=\"async\" fetchpriority=\"high\" class=\"wp-image-213 avia-img-lazy-loading-not-213\"  src=\"https:\/\/feeca.eu\/wp-content\/uploads\/2024\/02\/22255485-key-fuer-bildung-1300x630.jpg\" width=\"1300\" height=\"630\" title='Key for education' alt=''  itemprop=\"thumbnailUrl\"   \/><\/div><\/li><\/ul><\/div><\/div><div id='after_full_slider_2'  class='main_color av_default_container_wrap container_wrap fullsize'  ><div class='container av-section-cont-open' ><div class='template-page content  av-content-full alpha units'><div class='post-entry post-entry-type-page post-entry-51'><div class='entry-content-wrapper clearfix'>\n<section  class='av_textblock_section av-av_textblock-9ee6daaf882f31bf75966532cda9493c '   itemscope=\"itemscope\" itemtype=\"https:\/\/schema.org\/CreativeWork\" ><div class='avia_textblock'  itemprop=\"text\" ><header class=\"entry-header\">\n<h1 class=\"entry-title\">Impressum<\/h1>\n<\/header>\n<div class=\"entry-content\">\n<h3 class=\"wp-block-heading\">Adress of the head office:<\/h3>\n<p>Europ\u00e4ische F\u00f6deration f\u00fcr Katholische Erwachsenenbildung<br \/>\nc\/o Katholische Erwachsenenbildung Deutschland \u2013 Bundesarbeitsgemeinschaft e.V.<br \/>\nRheinweg 34<br \/>\n53113 Bonn<br \/>\nGermany<\/p>\n<p>Tel.: 0049 228 \/ 90 24 7-0<br \/>\nFax: 0049 228 \/ 90 24 7-29<br \/>\nE-Mail: <a href=\"mailto:office@feeca.eu\">office@feeca.eu<\/a><\/p>\n<h3 class=\"wp-block-heading\">Managing director:<\/h3>\n<p>Andrea Heim<br \/>\nTel: 0049 228 \/ 90 24 7-10<br \/>\nFax: 0049 228 \/ 90 24 7-29<br \/>\nE-Mail: <a href=\"mailto:heim@feeca.eu\">heim@feeca.eu<\/a><\/p>\n<h3 class=\"wp-block-heading\">Authorized to represent:<\/h3>\n<p>Andrea Heim (Managing director), Dr. Alois Becker (President)<\/p>\n<h3 class=\"wp-block-heading\">Exclusion of liability:<\/h3>\n<p>FEECA rejects any responsibility for content of linked, external pages and distances itsself explicitly and completely from all content of such pages that may contain illegal or unethical material.<\/p>\n<h3 class=\"wp-block-heading\">Concept, Design:<\/h3>\n<p><a href=\"http:\/\/www.deus-werbung.de\" target=\"_blank\" rel=\"noreferrer noopener\">deus werbung solingen<\/a><\/p>\n<\/div>\n<\/div><\/section>\n","protected":false},"excerpt":{"rendered":"","protected":false},"author":1,"featured_media":0,"parent":0,"menu_order":0,"comment_status":"closed","ping_status":"closed","template":"","meta":{"footnotes":""},"class_list":["post-51","page","type-page","status-publish","hentry"],"_links":{"self":[{"href":"https:\/\/feeca.eu\/en\/wp-json\/wp\/v2\/pages\/51","targetHints":{"allow":["GET"]}}],"collection":[{"href":"https:\/\/feeca.eu\/en\/wp-json\/wp\/v2\/pages"}],"about":[{"href":"https:\/\/feeca.eu\/en\/wp-json\/wp\/v2\/types\/page"}],"author":[{"embeddable":true,"href":"https:\/\/feeca.eu\/en\/wp-json\/wp\/v2\/users\/1"}],"replies":[{"embeddable":true,"href":"https:\/\/feeca.eu\/en\/wp-json\/wp\/v2\/comments?post=51"}],"version-history":[{"count":2,"href":"https:\/\/feeca.eu\/en\/wp-json\/wp\/v2\/pages\/51\/revisions"}],"predecessor-version":[{"id":227,"href":"https:\/\/feeca.eu\/en\/wp-json\/wp\/v2\/pages\/51\/revisions\/227"}],"wp:attachment":[{"href":"https:\/\/feeca.eu\/en\/wp-json\/wp\/v2\/media?parent=51"}],"curies":[{"name":"wp","href":"https:\/\/api.w.org\/{rel}","templated":true}]}}